{"id":11,"date":"2024-10-29T09:13:11","date_gmt":"2024-10-29T09:13:11","guid":{"rendered":"https:\/\/compromis.rkinformatika.online\/?page_id=11"},"modified":"2024-12-05T10:46:46","modified_gmt":"2024-12-05T10:46:46","slug":"aviso-legal","status":"publish","type":"page","link":"https:\/\/firecoxextintores.es\/en\/aviso-legal\/","title":{"rendered":"Legal Notice"},"content":{"rendered":"<div data-elementor-type=\"wp-page\" data-elementor-id=\"11\" class=\"elementor elementor-11\" data-elementor-post-type=\"page\">\n\t\t\t\t\t\t<section class=\"elementor-section elementor-top-section elementor-element elementor-element-fe92b91 elementor-section-boxed elementor-section-height-default elementor-section-height-default\" data-id=\"fe92b91\" data-element_type=\"section\" data-e-type=\"section\" data-settings=\"{&quot;background_background&quot;:&quot;classic&quot;}\">\n\t\t\t\t\t\t<div class=\"elementor-container elementor-column-gap-default\">\n\t\t\t\t\t<div class=\"elementor-column elementor-col-100 elementor-top-column elementor-element elementor-element-42d2db3\" data-id=\"42d2db3\" data-element_type=\"column\" data-e-type=\"column\">\n\t\t\t<div class=\"elementor-widget-wrap elementor-element-populated\">\n\t\t\t\t\t\t<div class=\"elementor-element elementor-element-8ff991e elementor-widget elementor-widget-text-editor\" data-id=\"8ff991e\" data-element_type=\"widget\" data-e-type=\"widget\" data-widget_type=\"text-editor.default\">\n\t\t\t\t<div class=\"elementor-widget-container\">\n\t\t\t\t\t\t\t\t\t<div>\n<h1>Legal Notice<\/h1>\n<\/div>\n<div>\n<p><strong>Condiciones de uso y privacidad<\/strong><\/p>\n<p>En cumplimiento de lo previsto en la Ley 34\/2002, de 11 de julio, de Servicios de la Sociedad de la Informaci\u00f3n y de Comercio Electr\u00f3nico, se informa que el presente website es propiedad de <b>FIRECOX<\/b>, con CIF 72519906D, con domicilio social en Avenida Doctor Mariano Ruiz C\u00e1novas sn , Torrevieja Alicante, pudi\u00e9ndose contactar con&nbsp;ella en el tel\u00e9fono +34 681 983 513 o en la direcci\u00f3n de correo electr\u00f3nico&nbsp;<span style=\"font-family: var( --e-global-typography-text-font-family ), Sans-serif; font-weight: var( --e-global-typography-text-font-weight ); font-size: 1rem;\">conctato.firecoxextintores.es.<\/span><\/p>\n<p align=\"justify\"><strong>Ley y Jurisdicci\u00f3n aplicable<\/strong><\/p>\n<p>Las presentes Condiciones Generales de Uso se rigen por las Leyes espa\u00f1olas. Cualquier controversia en relaci\u00f3n con el sitio web de&nbsp;<b>FIRECOX,<\/b>&nbsp;se sustanciar\u00e1 ante la jurisdicci\u00f3n espa\u00f1ola, someti\u00e9ndose las partes a los Juzgados y Tribunales de la ciudad de Bilbao, y sus superiores jer\u00e1rquicos, con expresa renuncia a otros fueros si lo tuvieren y fueran diferentes de los rese\u00f1ados.<br>El modo m\u00e1s sencillo y eficaz para solicitar cualquier aclaraci\u00f3n, o para formular cualquier tipo de queja, sugerencia o comentario es mediante el env\u00edo de un e-mail a la direcci\u00f3n&nbsp;<span style=\"font-family: var( --e-global-typography-text-font-family ), Sans-serif; font-weight: var( --e-global-typography-text-font-weight ); font-size: 1rem;\">conctato.firecoxextintores.es.<\/span><\/p><p><strong style=\"font-family: var( --e-global-typography-text-font-family ), Sans-serif; font-size: 1rem;\">Independencia Profesional<\/strong><\/p>\n<p align=\"justify\">La Corredur\u00eda ejerce su actividad libre de v\u00ednculos que supongan afecci\u00f3n respecto a ninguna entidad aseguradora. En este sentido, ofrece asesoramiento independiente, profesional e imparcial, adecu\u00e1ndolos a las necesidades de los usuarios. La oferta que nos pueda solicitar y\/o presentemos es el resultado del asesoramiento independiente y objetivo prestado por esta Corredur\u00eda quien, entre seguros del mismo tipo de distintas entidades aseguradoras, ha propuesto el que, seg\u00fan su criterio profesional, mejor se adapta a las necesidades del solicitante, teniendo en cuenta tanto la informaci\u00f3n aportada por este como una experiencia de m\u00e1s de 10 a\u00f1os en el mercado, y con una aseguradora l\u00edder en este tipo de seguros.<\/p>\n<p align=\"justify\"><strong>Servicio de atenci\u00f3n y defensa al cliente<\/strong><\/p>\n<p align=\"justify\">De acuerdo con la legislaci\u00f3n vigente, esta Corredur\u00eda dispone de un Servicio externo de Atenci\u00f3n al Cliente, que resolver\u00e1 sus quejas y reclamaciones en el plazo de dos meses a contar desde el d\u00eda de su presentaci\u00f3n. Puede enviar sus quejas a&nbsp;<span style=\"font-family: var( --e-global-typography-text-font-family ), Sans-serif; font-weight: var( --e-global-typography-text-font-weight ); font-size: 1rem;\">conctato.firecoxextintores.es.<\/span><\/p><p align=\"justify\"><strong style=\"font-family: var( --e-global-typography-text-font-family ), Sans-serif; font-size: 1rem;\">Pol\u00edtica de Protecci\u00f3n de Datos<\/strong><\/p>\n<p>De conformidad con lo establecido en los art\u00edculos 5 y 6 de la Ley Org\u00e1nica 15\/1999 de 13 de diciembre de Protecci\u00f3n de Datos de Car\u00e1cter Personal, le informamos que los datos que voluntariamente nos facilite a trav\u00e9s de los distintos formularios de entrada dispuestos al efecto en la Web o en cualquier otro canal de recogida de los mismos, ser\u00e1n incorporados a los ficheros denominados \u00abClientes y\/o Proveedores\u00bb y \u00abGesti\u00f3n de seguros\u00bb responsabilidad de <b>FIRECOX<\/b>&nbsp;con la finalidad de poder contactar con usted, el mantenimiento de la relaci\u00f3n contractual y\/o precontractual y la gesti\u00f3n interna corredur\u00eda-cliente.<\/p>\n<p>As\u00ed mismo, EL USUARIO de la WEB, al facilitar voluntariamente sus datos de car\u00e1cter personal a trav\u00e9s de los distintos formularios de entrada dispuestos al efecto en la Web, da su consentimiento para que sus datos puedan ser utilizados en el env\u00edo de comunicaciones comerciales y ofertas publicitarias por e-mail, fax o cualquier otro medio electr\u00f3nico o f\u00edsico, presente o futuro.&nbsp; Igualmente, los mismos ser\u00e1n utilizados para responder a cualquier consulta que nos formule y para gestionar los encargos o solicitudes en los formularios de recogida de datos.<\/p>\n<p>Todos los datos marcados con asterisco a trav\u00e9s de la Web son obligatorios.&nbsp; En caso de no ser facilitados, <b>FIRECOX<\/b>&nbsp;no garantiza que los servicios prestados se ajusten completamente a sus necesidades.<\/p>\n<p>El consentimiento se entender\u00e1 prestado en tanto no comunique expresamente la revocaci\u00f3n del mismo a alguno de los tratamientos indicados anteriormente.&nbsp; A tal efecto, EL USUARIO podr\u00e1 darse de baja de cualquiera de los servicios contratados haciendo \u201cclic\u201d&nbsp; en la casilla que acompa\u00f1a a cualquier comunicaci\u00f3n electr\u00f3nica o mediante el correo electr\u00f3nico&nbsp;<a style=\"background-color: #ffffff;\" href=\"mailto:amartin@compromis.es\">c<\/a>ontacto@firecoxextintores.es.<\/p>\n<p>EL USUARIO de la WEB ser\u00e1 el \u00fanico responsable de la veracidad y exactitud de los datos aportados, actuando <b>FIRECOX<\/b>&nbsp;de buena fe como mero prestador del servicio. En caso de haber facilitado datos falsos o de terceras personas sin mediar su consentimiento para ello, <b>FIRECOX<\/b>&nbsp;se reserva el derecho a la destrucci\u00f3n inmediata de los citados datos a fin de proteger el derecho del titular o titulares de los mismos.<\/p>\n<p><b>FIRECOX<\/b>&nbsp;se compromete al cumplimiento de su obligaci\u00f3n de secreto de los datos de car\u00e1cter personal y de su deber de guardarlos y adoptar\u00e1 todas las medidas de \u00edndole t\u00e9cnica y organizativa para garantizar la seguridad de los datos de car\u00e1cter personal y evitar su alteraci\u00f3n, p\u00e9rdida, tratamiento o acceso no autorizado, habida cuenta del estado de la tecnolog\u00eda, la naturaleza de los datos almacenados y los riesgos a que est\u00e9n expuestos, todo ello de conformidad con lo establecido en el Real Decreto 1720\/2007.<\/p>\n<p>El Sitio Web de <b>FIRECOX<\/b>&nbsp;no utiliza cookies ni otros medios t\u00e9cnicos que permitan identificar a usuarios en concreto ni conocer datos de su navegaci\u00f3n, sin que el usuario sea consciente. No obstante, es nuestro compromiso que si se produce cualquier cambio en la Pol\u00edtica de Privacidad a este respecto ser\u00e1 inmediatamente advertido a trav\u00e9s del presente Sitio Web, incluyendo la oportuna rectificaci\u00f3n en este apartado.<\/p>\n<p>El sitio Web dispone de las medidas de seguridad de la informaci\u00f3n, generalmente utilizadas por ejemplo: firewalls, procedimientos de control de acceso y mecanismos criptogr\u00e1ficos, con el objeto de evitar el acceso no autorizado a los datos facilitados.<\/p>\n<p>EL USUARIO de la WEB podr\u00e1 en cualquier momento ejercer sus derechos de acceso, rectificaci\u00f3n, cancelaci\u00f3n y oposici\u00f3n en los t\u00e9rminos establecidos en la Ley Org\u00e1nica 15\/1999, dirigi\u00e9ndose a <b>FIRECOX<\/b>&nbsp;en la siguiente direcci\u00f3n:&nbsp;Rodr\u00edguez Arias, 23, 3\u00ba C.P. 48011, de Bilbao&nbsp;o mediante el correo electr\u00f3nico&nbsp;<a style=\"background-color: #ffffff;\" href=\"mailto:amartin@compromis.es\">c<\/a>ontacto@firecoxextintores.es.,&nbsp; adjuntando copia del DNI.<\/p>\n<p align=\"justify\"><strong>Datos relativos a la autorizaci\u00f3n administrativa previa para el ejercicio de la actividad<\/strong><\/p>\n<p><b>FIRECOX<\/b>&nbsp;tiene autorizaci\u00f3n para el ejercicio de la actividad de mediaci\u00f3n como corredur\u00eda de seguros y, derivada de ella, est\u00e1 inscrita en el Registro Especial de Sociedades de Corredur\u00eda de Seguros del Gobierno Vasco as\u00ed como de la Direcci\u00f3n General de Seguros con la clave J-0017EUS.<\/p>\n<p>Este sitio web ha sido creado por la empresa <b>FIRECOX<\/b>&nbsp;con car\u00e1cter informativo y para uso personal de los usuarios. A trav\u00e9s de este Aviso legal, se pretende regular el acceso y uso de este sitio web, as\u00ed como la relaci\u00f3n entre el sitio web y sus usuarios. Accediendo a este sitio web se aceptan los siguientes t\u00e9rminos y condiciones: El acceso a este sitio web es responsabilidad exclusiva de los usuarios.<\/p>\n<p>El simple acceso a este sitio web no supone entablar ning\u00fan tipo de relaci\u00f3n comercial entre <b>FIRECOX<\/b>&nbsp;y el usuario.<\/p>\n<p>El acceso y la navegaci\u00f3n en este sitio web supone aceptar y conocer las advertencias legales, condiciones y t\u00e9rminos de uso contenidas en ella.<\/p>\n<p>El titular del sitio web puede ofrecer servicios o productos que podr\u00e1n encontrarse sometidos a unas condiciones particulares propias que, seg\u00fan los casos, sustituyan, completen y\/o modifiquen las presentes condiciones, y sobre las cuales se informar\u00e1 al usuario en cada caso conctato.firecoxextintores.es.<\/p>\n<\/div>\t\t\t\t\t\t\t\t<\/div>\n\t\t\t\t<\/div>\n\t\t\t\t\t<\/div>\n\t\t<\/div>\n\t\t\t\t\t<\/div>\n\t\t<\/section>\n\t\t\t\t<\/div>","protected":false},"excerpt":{"rendered":"<p>Aviso legal Condiciones de uso y privacidad En cumplimiento de lo previsto en la Ley 34\/2002, de 11 de julio, de Servicios de la Sociedad de la Informaci\u00f3n y de Comercio Electr\u00f3nico, se informa que el presente website es propiedad de FIRECOX, con CIF 72519906D, con domicilio social en Avenida Doctor Mariano Ruiz C\u00e1novas sn [&hellip;]<\/p>\n","protected":false},"author":3,"featured_media":0,"parent":0,"menu_order":0,"comment_status":"closed","ping_status":"closed","template":"elementor_canvas","meta":{"footnotes":""},"class_list":["post-11","page","type-page","status-publish","hentry"],"yoast_head":"<!-- This site is optimized with the Yoast SEO plugin v27.4 - https:\/\/yoast.com\/product\/yoast-seo-wordpress\/ -->\n<title>Aviso legal - FIRECOX<\/title>\n<meta name=\"robots\" content=\"index, follow, max-snippet:-1, max-image-preview:large, max-video-preview:-1\" \/>\n<link rel=\"canonical\" href=\"https:\/\/firecoxextintores.es\/en\/aviso-legal\/\" \/>\n<meta property=\"og:locale\" content=\"en_GB\" \/>\n<meta property=\"og:type\" content=\"article\" \/>\n<meta property=\"og:title\" content=\"Aviso legal - FIRECOX\" \/>\n<meta property=\"og:description\" content=\"Aviso legal Condiciones de uso y privacidad En cumplimiento de lo previsto en la Ley 34\/2002, de 11 de julio, de Servicios de la Sociedad de la Informaci\u00f3n y de Comercio Electr\u00f3nico, se informa que el presente website es propiedad de FIRECOX, con CIF 72519906D, con domicilio social en Avenida Doctor Mariano Ruiz C\u00e1novas sn [&hellip;]\" \/>\n<meta property=\"og:url\" content=\"https:\/\/firecoxextintores.es\/en\/aviso-legal\/\" \/>\n<meta property=\"og:site_name\" content=\"FIRECOX\" \/>\n<meta property=\"article:modified_time\" content=\"2024-12-05T10:46:46+00:00\" \/>\n<meta name=\"twitter:card\" content=\"summary_large_image\" \/>\n<meta name=\"twitter:label1\" content=\"Estimated reading time\" \/>\n\t<meta name=\"twitter:data1\" content=\"6 minutes\" \/>\n<script type=\"application\/ld+json\" class=\"yoast-schema-graph\">{\"@context\":\"https:\\\/\\\/schema.org\",\"@graph\":[{\"@type\":\"WebPage\",\"@id\":\"https:\\\/\\\/firecoxextintores.es\\\/aviso-legal\\\/\",\"url\":\"https:\\\/\\\/firecoxextintores.es\\\/aviso-legal\\\/\",\"name\":\"Aviso legal - FIRECOX\",\"isPartOf\":{\"@id\":\"https:\\\/\\\/firecoxextintores.es\\\/#website\"},\"datePublished\":\"2024-10-29T09:13:11+00:00\",\"dateModified\":\"2024-12-05T10:46:46+00:00\",\"breadcrumb\":{\"@id\":\"https:\\\/\\\/firecoxextintores.es\\\/aviso-legal\\\/#breadcrumb\"},\"inLanguage\":\"en-GB\",\"potentialAction\":[{\"@type\":\"ReadAction\",\"target\":[\"https:\\\/\\\/firecoxextintores.es\\\/aviso-legal\\\/\"]}]},{\"@type\":\"BreadcrumbList\",\"@id\":\"https:\\\/\\\/firecoxextintores.es\\\/aviso-legal\\\/#breadcrumb\",\"itemListElement\":[{\"@type\":\"ListItem\",\"position\":1,\"name\":\"Portada\",\"item\":\"https:\\\/\\\/firecoxextintores.es\\\/\"},{\"@type\":\"ListItem\",\"position\":2,\"name\":\"Aviso legal\"}]},{\"@type\":\"WebSite\",\"@id\":\"https:\\\/\\\/firecoxextintores.es\\\/#website\",\"url\":\"https:\\\/\\\/firecoxextintores.es\\\/\",\"name\":\"FIRECOX\",\"description\":\"Soluciones de seguridad contra incendios\",\"publisher\":{\"@id\":\"https:\\\/\\\/firecoxextintores.es\\\/#organization\"},\"potentialAction\":[{\"@type\":\"SearchAction\",\"target\":{\"@type\":\"EntryPoint\",\"urlTemplate\":\"https:\\\/\\\/firecoxextintores.es\\\/?s={search_term_string}\"},\"query-input\":{\"@type\":\"PropertyValueSpecification\",\"valueRequired\":true,\"valueName\":\"search_term_string\"}}],\"inLanguage\":\"en-GB\"},{\"@type\":\"Organization\",\"@id\":\"https:\\\/\\\/firecoxextintores.es\\\/#organization\",\"name\":\"FIRECOX\",\"url\":\"https:\\\/\\\/firecoxextintores.es\\\/\",\"logo\":{\"@type\":\"ImageObject\",\"inLanguage\":\"en-GB\",\"@id\":\"https:\\\/\\\/firecoxextintores.es\\\/#\\\/schema\\\/logo\\\/image\\\/\",\"url\":\"https:\\\/\\\/firecoxextintores.es\\\/wp-content\\\/uploads\\\/2024\\\/12\\\/cropped-Design-sem-nome.png\",\"contentUrl\":\"https:\\\/\\\/firecoxextintores.es\\\/wp-content\\\/uploads\\\/2024\\\/12\\\/cropped-Design-sem-nome.png\",\"width\":360,\"height\":352,\"caption\":\"FIRECOX\"},\"image\":{\"@id\":\"https:\\\/\\\/firecoxextintores.es\\\/#\\\/schema\\\/logo\\\/image\\\/\"}}]}<\/script>\n<!-- \/ Yoast SEO plugin. -->","yoast_head_json":{"title":"Aviso legal - FIRECOX","robots":{"index":"index","follow":"follow","max-snippet":"max-snippet:-1","max-image-preview":"max-image-preview:large","max-video-preview":"max-video-preview:-1"},"canonical":"https:\/\/firecoxextintores.es\/en\/aviso-legal\/","og_locale":"en_GB","og_type":"article","og_title":"Aviso legal - FIRECOX","og_description":"Aviso legal Condiciones de uso y privacidad En cumplimiento de lo previsto en la Ley 34\/2002, de 11 de julio, de Servicios de la Sociedad de la Informaci\u00f3n y de Comercio Electr\u00f3nico, se informa que el presente website es propiedad de FIRECOX, con CIF 72519906D, con domicilio social en Avenida Doctor Mariano Ruiz C\u00e1novas sn [&hellip;]","og_url":"https:\/\/firecoxextintores.es\/en\/aviso-legal\/","og_site_name":"FIRECOX","article_modified_time":"2024-12-05T10:46:46+00:00","twitter_card":"summary_large_image","twitter_misc":{"Estimated reading time":"6 minutes"},"schema":{"@context":"https:\/\/schema.org","@graph":[{"@type":"WebPage","@id":"https:\/\/firecoxextintores.es\/aviso-legal\/","url":"https:\/\/firecoxextintores.es\/aviso-legal\/","name":"Aviso legal - FIRECOX","isPartOf":{"@id":"https:\/\/firecoxextintores.es\/#website"},"datePublished":"2024-10-29T09:13:11+00:00","dateModified":"2024-12-05T10:46:46+00:00","breadcrumb":{"@id":"https:\/\/firecoxextintores.es\/aviso-legal\/#breadcrumb"},"inLanguage":"en-GB","potentialAction":[{"@type":"ReadAction","target":["https:\/\/firecoxextintores.es\/aviso-legal\/"]}]},{"@type":"BreadcrumbList","@id":"https:\/\/firecoxextintores.es\/aviso-legal\/#breadcrumb","itemListElement":[{"@type":"ListItem","position":1,"name":"Portada","item":"https:\/\/firecoxextintores.es\/"},{"@type":"ListItem","position":2,"name":"Aviso legal"}]},{"@type":"WebSite","@id":"https:\/\/firecoxextintores.es\/#website","url":"https:\/\/firecoxextintores.es\/","name":"FIRECOX","description":"Soluciones de seguridad contra incendios","publisher":{"@id":"https:\/\/firecoxextintores.es\/#organization"},"potentialAction":[{"@type":"SearchAction","target":{"@type":"EntryPoint","urlTemplate":"https:\/\/firecoxextintores.es\/?s={search_term_string}"},"query-input":{"@type":"PropertyValueSpecification","valueRequired":true,"valueName":"search_term_string"}}],"inLanguage":"en-GB"},{"@type":"Organization","@id":"https:\/\/firecoxextintores.es\/#organization","name":"FIRECOX","url":"https:\/\/firecoxextintores.es\/","logo":{"@type":"ImageObject","inLanguage":"en-GB","@id":"https:\/\/firecoxextintores.es\/#\/schema\/logo\/image\/","url":"https:\/\/firecoxextintores.es\/wp-content\/uploads\/2024\/12\/cropped-Design-sem-nome.png","contentUrl":"https:\/\/firecoxextintores.es\/wp-content\/uploads\/2024\/12\/cropped-Design-sem-nome.png","width":360,"height":352,"caption":"FIRECOX"},"image":{"@id":"https:\/\/firecoxextintores.es\/#\/schema\/logo\/image\/"}}]}},"_links":{"self":[{"href":"https:\/\/firecoxextintores.es\/en\/wp-json\/wp\/v2\/pages\/11","targetHints":{"allow":["GET"]}}],"collection":[{"href":"https:\/\/firecoxextintores.es\/en\/wp-json\/wp\/v2\/pages"}],"about":[{"href":"https:\/\/firecoxextintores.es\/en\/wp-json\/wp\/v2\/types\/page"}],"author":[{"embeddable":true,"href":"https:\/\/firecoxextintores.es\/en\/wp-json\/wp\/v2\/users\/3"}],"replies":[{"embeddable":true,"href":"https:\/\/firecoxextintores.es\/en\/wp-json\/wp\/v2\/comments?post=11"}],"version-history":[{"count":33,"href":"https:\/\/firecoxextintores.es\/en\/wp-json\/wp\/v2\/pages\/11\/revisions"}],"predecessor-version":[{"id":3013,"href":"https:\/\/firecoxextintores.es\/en\/wp-json\/wp\/v2\/pages\/11\/revisions\/3013"}],"wp:attachment":[{"href":"https:\/\/firecoxextintores.es\/en\/wp-json\/wp\/v2\/media?parent=11"}],"curies":[{"name":"wp","href":"https:\/\/api.w.org\/{rel}","templated":true}]}}