{"id":16,"date":"2024-10-29T09:14:31","date_gmt":"2024-10-29T09:14:31","guid":{"rendered":"https:\/\/compromis.rkinformatika.online\/?page_id=16"},"modified":"2024-12-17T17:48:09","modified_gmt":"2024-12-17T17:48:09","slug":"productos","status":"publish","type":"page","link":"https:\/\/firecoxextintores.es\/en\/productos\/","title":{"rendered":"Products"},"content":{"rendered":"<div data-elementor-type=\"wp-page\" data-elementor-id=\"16\" class=\"elementor elementor-16\" data-elementor-post-type=\"page\">\n\t\t\t\t<div class=\"elementor-element elementor-element-bb1e0f4 e-flex e-con-boxed e-con e-parent\" data-id=\"bb1e0f4\" data-element_type=\"container\" data-e-type=\"container\" data-settings=\"{&quot;background_background&quot;:&quot;classic&quot;}\">\n\t\t\t\t\t<div class=\"e-con-inner\">\n\t\t\t\t<div class=\"elementor-element elementor-element-f1166b1 elementor-widget-tablet__width-inherit elementor-widget elementor-widget-heading\" data-id=\"f1166b1\" data-element_type=\"widget\" data-e-type=\"widget\" data-widget_type=\"heading.default\">\n\t\t\t\t<div class=\"elementor-widget-container\">\n\t\t\t\t\t<h2 class=\"elementor-heading-title elementor-size-default\">PRODUCTOS<\/h2>\t\t\t\t<\/div>\n\t\t\t\t<\/div>\n\t\t\t\t\t<\/div>\n\t\t\t\t<\/div>\n\t\t<div class=\"elementor-element elementor-element-acdc88b e-flex e-con-boxed e-con e-parent\" data-id=\"acdc88b\" data-element_type=\"container\" data-e-type=\"container\">\n\t\t\t\t\t<div class=\"e-con-inner\">\n\t\t\t\t<div class=\"elementor-element elementor-element-e65a44f elementor-widget elementor-widget-heading\" data-id=\"e65a44f\" data-element_type=\"widget\" data-e-type=\"widget\" data-widget_type=\"heading.default\">\n\t\t\t\t<div class=\"elementor-widget-container\">\n\t\t\t\t\t<h2 class=\"elementor-heading-title elementor-size-default\">En FireCox, ofrecemos una amplia gama de productos para la instalaci\u00f3n de sistemas contraincendios, dise\u00f1ados para garantizar la m\u00e1xima seguridad. <\/h2>\t\t\t\t<\/div>\n\t\t\t\t<\/div>\n\t\t\t\t\t<\/div>\n\t\t\t\t<\/div>\n\t\t<div class=\"elementor-element elementor-element-52159e8 e-grid e-con-boxed e-con e-parent\" data-id=\"52159e8\" data-element_type=\"container\" data-e-type=\"container\">\n\t\t\t\t\t<div class=\"e-con-inner\">\n\t\t\t\t<div class=\"elementor-element elementor-element-a797455 elementor-widget__width-initial elementor-position-top elementor-widget elementor-widget-image-box\" data-id=\"a797455\" data-element_type=\"widget\" data-e-type=\"widget\" data-widget_type=\"image-box.default\">\n\t\t\t\t<div class=\"elementor-widget-container\">\n\t\t\t\t\t<div class=\"elementor-image-box-wrapper\"><figure class=\"elementor-image-box-img\"><img fetchpriority=\"high\" decoding=\"async\" width=\"1000\" height=\"667\" src=\"https:\/\/firecoxextintores.es\/wp-content\/uploads\/2024\/12\/Detectores-de-humo-Mario-Martinez.jpg\" class=\"attachment-full size-full wp-image-3184\" alt=\"\" srcset=\"https:\/\/firecoxextintores.es\/wp-content\/uploads\/2024\/12\/Detectores-de-humo-Mario-Martinez.jpg 1000w, https:\/\/firecoxextintores.es\/wp-content\/uploads\/2024\/12\/Detectores-de-humo-Mario-Martinez-300x200.jpg 300w, https:\/\/firecoxextintores.es\/wp-content\/uploads\/2024\/12\/Detectores-de-humo-Mario-Martinez-768x512.jpg 768w, https:\/\/firecoxextintores.es\/wp-content\/uploads\/2024\/12\/Detectores-de-humo-Mario-Martinez-18x12.jpg 18w\" sizes=\"(max-width: 1000px) 100vw, 1000px\" \/><\/figure><div class=\"elementor-image-box-content\"><h3 class=\"elementor-image-box-title\">Detectores de Humo y Calor<\/h3><p class=\"elementor-image-box-description\">Equipos avanzados que detectan la presencia de humo y cambios de temperatura, alertando de manera temprana sobre posibles incendios.<\/p><\/div><\/div>\t\t\t\t<\/div>\n\t\t\t\t<\/div>\n\t\t\t\t<div class=\"elementor-element elementor-element-6edebf4 elementor-widget__width-initial elementor-position-top elementor-widget elementor-widget-image-box\" data-id=\"6edebf4\" data-element_type=\"widget\" data-e-type=\"widget\" data-widget_type=\"image-box.default\">\n\t\t\t\t<div class=\"elementor-widget-container\">\n\t\t\t\t\t<div class=\"elementor-image-box-wrapper\"><figure class=\"elementor-image-box-img\"><img decoding=\"async\" width=\"1500\" height=\"998\" src=\"https:\/\/firecoxextintores.es\/wp-content\/uploads\/2024\/12\/16481600.jpg\" class=\"attachment-full size-full wp-image-3221\" alt=\"\" srcset=\"https:\/\/firecoxextintores.es\/wp-content\/uploads\/2024\/12\/16481600.jpg 1500w, https:\/\/firecoxextintores.es\/wp-content\/uploads\/2024\/12\/16481600-300x200.jpg 300w, https:\/\/firecoxextintores.es\/wp-content\/uploads\/2024\/12\/16481600-1024x681.jpg 1024w, https:\/\/firecoxextintores.es\/wp-content\/uploads\/2024\/12\/16481600-768x511.jpg 768w, https:\/\/firecoxextintores.es\/wp-content\/uploads\/2024\/12\/16481600-18x12.jpg 18w\" sizes=\"(max-width: 1500px) 100vw, 1500px\" \/><\/figure><div class=\"elementor-image-box-content\"><h3 class=\"elementor-image-box-title\">Extintores Port\u00e1tiles<\/h3><p class=\"elementor-image-box-description\">Disponemos de extintores de diferentes tipos y tama\u00f1os, adecuados para diversas clases de fuegos, asegurando una respuesta r\u00e1pida en caso de emergencia.<\/p><\/div><\/div>\t\t\t\t<\/div>\n\t\t\t\t<\/div>\n\t\t\t\t<div class=\"elementor-element elementor-element-3515b9a elementor-widget__width-initial elementor-position-top elementor-widget elementor-widget-image-box\" data-id=\"3515b9a\" data-element_type=\"widget\" data-e-type=\"widget\" data-widget_type=\"image-box.default\">\n\t\t\t\t<div class=\"elementor-widget-container\">\n\t\t\t\t\t<div class=\"elementor-image-box-wrapper\"><figure class=\"elementor-image-box-img\"><img decoding=\"async\" width=\"1000\" height=\"656\" src=\"https:\/\/firecoxextintores.es\/wp-content\/uploads\/2024\/12\/rociadores-contra-incendios-Mario-Martinez.jpeg\" class=\"attachment-full size-full wp-image-3191\" alt=\"\" srcset=\"https:\/\/firecoxextintores.es\/wp-content\/uploads\/2024\/12\/rociadores-contra-incendios-Mario-Martinez.jpeg 1000w, https:\/\/firecoxextintores.es\/wp-content\/uploads\/2024\/12\/rociadores-contra-incendios-Mario-Martinez-300x197.jpeg 300w, https:\/\/firecoxextintores.es\/wp-content\/uploads\/2024\/12\/rociadores-contra-incendios-Mario-Martinez-768x504.jpeg 768w, https:\/\/firecoxextintores.es\/wp-content\/uploads\/2024\/12\/rociadores-contra-incendios-Mario-Martinez-18x12.jpeg 18w\" sizes=\"(max-width: 1000px) 100vw, 1000px\" \/><\/figure><div class=\"elementor-image-box-content\"><h3 class=\"elementor-image-box-title\">Sistemas de Rociadores Autom\u00e1ticos<\/h3><p class=\"elementor-image-box-description\">Instalamos sistemas de rociadores que se activan autom\u00e1ticamente al detectar fuego, proporcionando una protecci\u00f3n eficaz en \u00e1reas comerciales y residenciales.<\/p><\/div><\/div>\t\t\t\t<\/div>\n\t\t\t\t<\/div>\n\t\t\t\t<div class=\"elementor-element elementor-element-1247f8c elementor-widget__width-initial elementor-position-top elementor-widget elementor-widget-image-box\" data-id=\"1247f8c\" data-element_type=\"widget\" data-e-type=\"widget\" data-widget_type=\"image-box.default\">\n\t\t\t\t<div class=\"elementor-widget-container\">\n\t\t\t\t\t<div class=\"elementor-image-box-wrapper\"><figure class=\"elementor-image-box-img\"><img loading=\"lazy\" decoding=\"async\" width=\"1500\" height=\"1000\" src=\"https:\/\/firecoxextintores.es\/wp-content\/uploads\/2024\/12\/1888.jpg\" class=\"attachment-full size-full wp-image-3196\" alt=\"\" srcset=\"https:\/\/firecoxextintores.es\/wp-content\/uploads\/2024\/12\/1888.jpg 1500w, https:\/\/firecoxextintores.es\/wp-content\/uploads\/2024\/12\/1888-300x200.jpg 300w, https:\/\/firecoxextintores.es\/wp-content\/uploads\/2024\/12\/1888-1024x683.jpg 1024w, https:\/\/firecoxextintores.es\/wp-content\/uploads\/2024\/12\/1888-768x512.jpg 768w, https:\/\/firecoxextintores.es\/wp-content\/uploads\/2024\/12\/1888-18x12.jpg 18w\" sizes=\"(max-width: 1500px) 100vw, 1500px\" \/><\/figure><div class=\"elementor-image-box-content\"><h3 class=\"elementor-image-box-title\">Alarmas Contra Incendios<\/h3><p class=\"elementor-image-box-description\">Ofrecemos sistemas de alarma que garantizan una notificaci\u00f3n inmediata en caso de incendio, integr\u00e1ndose con otros sistemas de seguridad.<\/p><\/div><\/div>\t\t\t\t<\/div>\n\t\t\t\t<\/div>\n\t\t\t\t<div class=\"elementor-element elementor-element-23a22d9 elementor-widget__width-initial elementor-position-top elementor-widget elementor-widget-image-box\" data-id=\"23a22d9\" data-element_type=\"widget\" data-e-type=\"widget\" data-widget_type=\"image-box.default\">\n\t\t\t\t<div class=\"elementor-widget-container\">\n\t\t\t\t\t<div class=\"elementor-image-box-wrapper\"><figure class=\"elementor-image-box-img\"><img loading=\"lazy\" decoding=\"async\" width=\"942\" height=\"632\" src=\"https:\/\/firecoxextintores.es\/wp-content\/uploads\/2024\/12\/Captura-desde-2024-12-05-14-52-53.png\" class=\"attachment-full size-full wp-image-3202\" alt=\"\" srcset=\"https:\/\/firecoxextintores.es\/wp-content\/uploads\/2024\/12\/Captura-desde-2024-12-05-14-52-53.png 942w, https:\/\/firecoxextintores.es\/wp-content\/uploads\/2024\/12\/Captura-desde-2024-12-05-14-52-53-300x201.png 300w, https:\/\/firecoxextintores.es\/wp-content\/uploads\/2024\/12\/Captura-desde-2024-12-05-14-52-53-768x515.png 768w, https:\/\/firecoxextintores.es\/wp-content\/uploads\/2024\/12\/Captura-desde-2024-12-05-14-52-53-18x12.png 18w\" sizes=\"(max-width: 942px) 100vw, 942px\" \/><\/figure><div class=\"elementor-image-box-content\"><h3 class=\"elementor-image-box-title\">Puertas Cortafuegos<\/h3><p class=\"elementor-image-box-description\">Instalamos puertas dise\u00f1adas para resistir el fuego y limitar su propagaci\u00f3n, contribuyendo a la seguridad de los espacios.<\/p><\/div><\/div>\t\t\t\t<\/div>\n\t\t\t\t<\/div>\n\t\t\t\t<div class=\"elementor-element elementor-element-788b936 elementor-widget__width-initial elementor-position-top elementor-widget elementor-widget-image-box\" data-id=\"788b936\" data-element_type=\"widget\" data-e-type=\"widget\" data-widget_type=\"image-box.default\">\n\t\t\t\t<div class=\"elementor-widget-container\">\n\t\t\t\t\t<div class=\"elementor-image-box-wrapper\"><figure class=\"elementor-image-box-img\"><img loading=\"lazy\" decoding=\"async\" width=\"936\" height=\"632\" src=\"https:\/\/firecoxextintores.es\/wp-content\/uploads\/2024\/12\/Captura-desde-2024-12-05-14-54-44.png\" class=\"attachment-full size-full wp-image-3204\" alt=\"\" srcset=\"https:\/\/firecoxextintores.es\/wp-content\/uploads\/2024\/12\/Captura-desde-2024-12-05-14-54-44.png 936w, https:\/\/firecoxextintores.es\/wp-content\/uploads\/2024\/12\/Captura-desde-2024-12-05-14-54-44-300x203.png 300w, https:\/\/firecoxextintores.es\/wp-content\/uploads\/2024\/12\/Captura-desde-2024-12-05-14-54-44-768x519.png 768w, https:\/\/firecoxextintores.es\/wp-content\/uploads\/2024\/12\/Captura-desde-2024-12-05-14-54-44-18x12.png 18w\" sizes=\"(max-width: 936px) 100vw, 936px\" \/><\/figure><div class=\"elementor-image-box-content\"><h3 class=\"elementor-image-box-title\">Sistemas de Evacuaci\u00f3n(se\u00f1alizaci\u00f3n)<\/h3><p class=\"elementor-image-box-description\">Proporcionamos soluciones para la se\u00f1alizaci\u00f3n y el dise\u00f1o de rutas de evacuaci\u00f3n, asegurando que las personas puedan salir de manera segura en caso de emergencia.<\/p><\/div><\/div>\t\t\t\t<\/div>\n\t\t\t\t<\/div>\n\t\t\t\t<div class=\"elementor-element elementor-element-c91c13c elementor-widget__width-initial elementor-position-top elementor-widget elementor-widget-image-box\" data-id=\"c91c13c\" data-element_type=\"widget\" data-e-type=\"widget\" data-widget_type=\"image-box.default\">\n\t\t\t\t<div class=\"elementor-widget-container\">\n\t\t\t\t\t<div class=\"elementor-image-box-wrapper\"><figure class=\"elementor-image-box-img\"><img loading=\"lazy\" decoding=\"async\" width=\"1500\" height=\"1000\" src=\"https:\/\/firecoxextintores.es\/wp-content\/uploads\/2024\/12\/Diseno-sin-titulo-2.png\" class=\"attachment-full size-full wp-image-3294\" alt=\"\" srcset=\"https:\/\/firecoxextintores.es\/wp-content\/uploads\/2024\/12\/Diseno-sin-titulo-2.png 1500w, https:\/\/firecoxextintores.es\/wp-content\/uploads\/2024\/12\/Diseno-sin-titulo-2-300x200.png 300w, https:\/\/firecoxextintores.es\/wp-content\/uploads\/2024\/12\/Diseno-sin-titulo-2-1024x683.png 1024w, https:\/\/firecoxextintores.es\/wp-content\/uploads\/2024\/12\/Diseno-sin-titulo-2-768x512.png 768w, https:\/\/firecoxextintores.es\/wp-content\/uploads\/2024\/12\/Diseno-sin-titulo-2-18x12.png 18w\" sizes=\"(max-width: 1500px) 100vw, 1500px\" \/><\/figure><div class=\"elementor-image-box-content\"><h3 class=\"elementor-image-box-title\">Sistemas contraincendios de campanas<\/h3><p class=\"elementor-image-box-description\">Instalamos difusores para la detenci\u00f3n en las campanas de las cocinas de los sectores de hosteler\u00eda especialmente.<\/p><\/div><\/div>\t\t\t\t<\/div>\n\t\t\t\t<\/div>\n\t\t\t\t<div class=\"elementor-element elementor-element-9ede842 elementor-widget__width-initial elementor-position-top elementor-widget elementor-widget-image-box\" data-id=\"9ede842\" data-element_type=\"widget\" data-e-type=\"widget\" data-widget_type=\"image-box.default\">\n\t\t\t\t<div class=\"elementor-widget-container\">\n\t\t\t\t\t<div class=\"elementor-image-box-wrapper\"><figure class=\"elementor-image-box-img\"><img loading=\"lazy\" decoding=\"async\" width=\"1500\" height=\"1000\" src=\"https:\/\/firecoxextintores.es\/wp-content\/uploads\/2024\/12\/Diseno-sin-titulo-1.png\" class=\"attachment-full size-full wp-image-3290\" alt=\"\" srcset=\"https:\/\/firecoxextintores.es\/wp-content\/uploads\/2024\/12\/Diseno-sin-titulo-1.png 1500w, https:\/\/firecoxextintores.es\/wp-content\/uploads\/2024\/12\/Diseno-sin-titulo-1-300x200.png 300w, https:\/\/firecoxextintores.es\/wp-content\/uploads\/2024\/12\/Diseno-sin-titulo-1-1024x683.png 1024w, https:\/\/firecoxextintores.es\/wp-content\/uploads\/2024\/12\/Diseno-sin-titulo-1-768x512.png 768w, https:\/\/firecoxextintores.es\/wp-content\/uploads\/2024\/12\/Diseno-sin-titulo-1-18x12.png 18w\" sizes=\"(max-width: 1500px) 100vw, 1500px\" \/><\/figure><div class=\"elementor-image-box-content\"><h3 class=\"elementor-image-box-title\">Grupos de presi\u00f3n<\/h3><p class=\"elementor-image-box-description\">Ofrecemos una instalaci\u00f3n de los mismos para ofrecer en la instalaci\u00f3n de agua (bies,mangueras) ,  la presi\u00f3n necesaria establecida por ley.<\/p><\/div><\/div>\t\t\t\t<\/div>\n\t\t\t\t<\/div>\n\t\t\t\t<div class=\"elementor-element elementor-element-891c346 elementor-widget__width-initial elementor-position-top elementor-widget elementor-widget-image-box\" data-id=\"891c346\" data-element_type=\"widget\" data-e-type=\"widget\" data-widget_type=\"image-box.default\">\n\t\t\t\t<div class=\"elementor-widget-container\">\n\t\t\t\t\t<div class=\"elementor-image-box-wrapper\"><figure class=\"elementor-image-box-img\"><img loading=\"lazy\" decoding=\"async\" width=\"1500\" height=\"1000\" src=\"https:\/\/firecoxextintores.es\/wp-content\/uploads\/2024\/12\/Diseno-sin-titulo.png\" class=\"attachment-full size-full wp-image-3286\" alt=\"\" srcset=\"https:\/\/firecoxextintores.es\/wp-content\/uploads\/2024\/12\/Diseno-sin-titulo.png 1500w, https:\/\/firecoxextintores.es\/wp-content\/uploads\/2024\/12\/Diseno-sin-titulo-300x200.png 300w, https:\/\/firecoxextintores.es\/wp-content\/uploads\/2024\/12\/Diseno-sin-titulo-1024x683.png 1024w, https:\/\/firecoxextintores.es\/wp-content\/uploads\/2024\/12\/Diseno-sin-titulo-768x512.png 768w, https:\/\/firecoxextintores.es\/wp-content\/uploads\/2024\/12\/Diseno-sin-titulo-18x12.png 18w\" sizes=\"(max-width: 1500px) 100vw, 1500px\" \/><\/figure><div class=\"elementor-image-box-content\"><h3 class=\"elementor-image-box-title\">Barreras contraincendios<\/h3><p class=\"elementor-image-box-description\">Necesarias para la detecci\u00f3n del humo acumulado en las alturas de las instalaci\u00f3n.<\/p><\/div><\/div>\t\t\t\t<\/div>\n\t\t\t\t<\/div>\n\t\t\t\t\t<\/div>\n\t\t\t\t<\/div>\n\t\t<div class=\"elementor-element elementor-element-f991a33 e-flex e-con-boxed e-con e-parent\" data-id=\"f991a33\" data-element_type=\"container\" data-e-type=\"container\">\n\t\t\t\t\t<div class=\"e-con-inner\">\n\t\t\t\t<div class=\"elementor-element elementor-element-9e8102f elementor-cta--skin-classic elementor-animated-content elementor-bg-transform elementor-bg-transform-zoom-in elementor-widget elementor-widget-call-to-action\" data-id=\"9e8102f\" data-element_type=\"widget\" data-e-type=\"widget\" data-widget_type=\"call-to-action.default\">\n\t\t\t\t<div class=\"elementor-widget-container\">\n\t\t\t\t\t\t\t<div class=\"elementor-cta\">\n\t\t\t\t\t\t\t<div class=\"elementor-cta__content\">\n\t\t\t\t\n\t\t\t\t\t\t\t\t\t<h2 class=\"elementor-cta__title elementor-cta__content-item elementor-content-item\">\n\t\t\t\t\t\tWe strive to provide exceptional service.\t\t\t\t\t<\/h2>\n\t\t\t\t\n\t\t\t\t\n\t\t\t\t\t\t\t\t\t<div class=\"elementor-cta__button-wrapper elementor-cta__content-item elementor-content-item\">\n\t\t\t\t\t<a class=\"elementor-cta__button elementor-button elementor-size-\" href=\"https:\/\/firecoxextintores.es\/en\/contacto\/\">\n\t\t\t\t\t\tContact Us\t\t\t\t\t<\/a>\n\t\t\t\t\t<\/div>\n\t\t\t\t\t\t\t<\/div>\n\t\t\t\t\t\t<\/div>\n\t\t\t\t\t\t<\/div>\n\t\t\t\t<\/div>\n\t\t\t\t\t<\/div>\n\t\t\t\t<\/div>\n\t\t\t\t<\/div>","protected":false},"excerpt":{"rendered":"<p>PRODUCTOS En FireCox, ofrecemos una amplia gama de productos para la instalaci\u00f3n de sistemas contraincendios, dise\u00f1ados para garantizar la m\u00e1xima seguridad. Detectores de Humo y Calor Equipos avanzados que detectan la presencia de humo y cambios de temperatura, alertando de manera temprana sobre posibles incendios. Extintores Port\u00e1tiles Disponemos de extintores de diferentes tipos y tama\u00f1os, [&hellip;]<\/p>\n","protected":false},"author":3,"featured_media":0,"parent":0,"menu_order":0,"comment_status":"closed","ping_status":"closed","template":"elementor_canvas","meta":{"footnotes":""},"class_list":["post-16","page","type-page","status-publish","hentry"],"yoast_head":"<!-- This site is optimized with the Yoast SEO plugin v27.4 - https:\/\/yoast.com\/product\/yoast-seo-wordpress\/ -->\n<title>Productos - FIRECOX<\/title>\n<meta name=\"robots\" content=\"index, follow, max-snippet:-1, max-image-preview:large, max-video-preview:-1\" \/>\n<link rel=\"canonical\" href=\"https:\/\/firecoxextintores.es\/en\/productos\/\" \/>\n<meta property=\"og:locale\" content=\"en_GB\" \/>\n<meta property=\"og:type\" content=\"article\" \/>\n<meta property=\"og:title\" content=\"Productos - FIRECOX\" \/>\n<meta property=\"og:description\" content=\"PRODUCTOS En FireCox, ofrecemos una amplia gama de productos para la instalaci\u00f3n de sistemas contraincendios, dise\u00f1ados para garantizar la m\u00e1xima seguridad. Detectores de Humo y Calor Equipos avanzados que detectan la presencia de humo y cambios de temperatura, alertando de manera temprana sobre posibles incendios. Extintores Port\u00e1tiles Disponemos de extintores de diferentes tipos y tama\u00f1os, [&hellip;]\" \/>\n<meta property=\"og:url\" content=\"https:\/\/firecoxextintores.es\/en\/productos\/\" \/>\n<meta property=\"og:site_name\" content=\"FIRECOX\" \/>\n<meta property=\"article:modified_time\" content=\"2024-12-17T17:48:09+00:00\" \/>\n<meta property=\"og:image\" content=\"https:\/\/firecoxextintores.es\/wp-content\/uploads\/2024\/12\/Detectores-de-humo-Mario-Martinez.jpg\" \/>\n\t<meta property=\"og:image:width\" content=\"1000\" \/>\n\t<meta property=\"og:image:height\" content=\"667\" \/>\n\t<meta property=\"og:image:type\" content=\"image\/jpeg\" \/>\n<meta name=\"twitter:card\" content=\"summary_large_image\" \/>\n<meta name=\"twitter:label1\" content=\"Estimated reading time\" \/>\n\t<meta name=\"twitter:data1\" content=\"3 minutes\" \/>\n<script type=\"application\/ld+json\" class=\"yoast-schema-graph\">{\"@context\":\"https:\\\/\\\/schema.org\",\"@graph\":[{\"@type\":\"WebPage\",\"@id\":\"https:\\\/\\\/firecoxextintores.es\\\/productos\\\/\",\"url\":\"https:\\\/\\\/firecoxextintores.es\\\/productos\\\/\",\"name\":\"Productos - FIRECOX\",\"isPartOf\":{\"@id\":\"https:\\\/\\\/firecoxextintores.es\\\/#website\"},\"primaryImageOfPage\":{\"@id\":\"https:\\\/\\\/firecoxextintores.es\\\/productos\\\/#primaryimage\"},\"image\":{\"@id\":\"https:\\\/\\\/firecoxextintores.es\\\/productos\\\/#primaryimage\"},\"thumbnailUrl\":\"https:\\\/\\\/firecoxextintores.es\\\/wp-content\\\/uploads\\\/2024\\\/12\\\/Detectores-de-humo-Mario-Martinez.jpg\",\"datePublished\":\"2024-10-29T09:14:31+00:00\",\"dateModified\":\"2024-12-17T17:48:09+00:00\",\"breadcrumb\":{\"@id\":\"https:\\\/\\\/firecoxextintores.es\\\/productos\\\/#breadcrumb\"},\"inLanguage\":\"en-GB\",\"potentialAction\":[{\"@type\":\"ReadAction\",\"target\":[\"https:\\\/\\\/firecoxextintores.es\\\/productos\\\/\"]}]},{\"@type\":\"ImageObject\",\"inLanguage\":\"en-GB\",\"@id\":\"https:\\\/\\\/firecoxextintores.es\\\/productos\\\/#primaryimage\",\"url\":\"https:\\\/\\\/firecoxextintores.es\\\/wp-content\\\/uploads\\\/2024\\\/12\\\/Detectores-de-humo-Mario-Martinez.jpg\",\"contentUrl\":\"https:\\\/\\\/firecoxextintores.es\\\/wp-content\\\/uploads\\\/2024\\\/12\\\/Detectores-de-humo-Mario-Martinez.jpg\"},{\"@type\":\"BreadcrumbList\",\"@id\":\"https:\\\/\\\/firecoxextintores.es\\\/productos\\\/#breadcrumb\",\"itemListElement\":[{\"@type\":\"ListItem\",\"position\":1,\"name\":\"Portada\",\"item\":\"https:\\\/\\\/firecoxextintores.es\\\/\"},{\"@type\":\"ListItem\",\"position\":2,\"name\":\"Productos\"}]},{\"@type\":\"WebSite\",\"@id\":\"https:\\\/\\\/firecoxextintores.es\\\/#website\",\"url\":\"https:\\\/\\\/firecoxextintores.es\\\/\",\"name\":\"FIRECOX\",\"description\":\"Soluciones de seguridad contra incendios\",\"publisher\":{\"@id\":\"https:\\\/\\\/firecoxextintores.es\\\/#organization\"},\"potentialAction\":[{\"@type\":\"SearchAction\",\"target\":{\"@type\":\"EntryPoint\",\"urlTemplate\":\"https:\\\/\\\/firecoxextintores.es\\\/?s={search_term_string}\"},\"query-input\":{\"@type\":\"PropertyValueSpecification\",\"valueRequired\":true,\"valueName\":\"search_term_string\"}}],\"inLanguage\":\"en-GB\"},{\"@type\":\"Organization\",\"@id\":\"https:\\\/\\\/firecoxextintores.es\\\/#organization\",\"name\":\"FIRECOX\",\"url\":\"https:\\\/\\\/firecoxextintores.es\\\/\",\"logo\":{\"@type\":\"ImageObject\",\"inLanguage\":\"en-GB\",\"@id\":\"https:\\\/\\\/firecoxextintores.es\\\/#\\\/schema\\\/logo\\\/image\\\/\",\"url\":\"https:\\\/\\\/firecoxextintores.es\\\/wp-content\\\/uploads\\\/2024\\\/12\\\/cropped-Design-sem-nome.png\",\"contentUrl\":\"https:\\\/\\\/firecoxextintores.es\\\/wp-content\\\/uploads\\\/2024\\\/12\\\/cropped-Design-sem-nome.png\",\"width\":360,\"height\":352,\"caption\":\"FIRECOX\"},\"image\":{\"@id\":\"https:\\\/\\\/firecoxextintores.es\\\/#\\\/schema\\\/logo\\\/image\\\/\"}}]}<\/script>\n<!-- \/ Yoast SEO plugin. -->","yoast_head_json":{"title":"Productos - FIRECOX","robots":{"index":"index","follow":"follow","max-snippet":"max-snippet:-1","max-image-preview":"max-image-preview:large","max-video-preview":"max-video-preview:-1"},"canonical":"https:\/\/firecoxextintores.es\/en\/productos\/","og_locale":"en_GB","og_type":"article","og_title":"Productos - FIRECOX","og_description":"PRODUCTOS En FireCox, ofrecemos una amplia gama de productos para la instalaci\u00f3n de sistemas contraincendios, dise\u00f1ados para garantizar la m\u00e1xima seguridad. Detectores de Humo y Calor Equipos avanzados que detectan la presencia de humo y cambios de temperatura, alertando de manera temprana sobre posibles incendios. Extintores Port\u00e1tiles Disponemos de extintores de diferentes tipos y tama\u00f1os, [&hellip;]","og_url":"https:\/\/firecoxextintores.es\/en\/productos\/","og_site_name":"FIRECOX","article_modified_time":"2024-12-17T17:48:09+00:00","og_image":[{"width":1000,"height":667,"url":"https:\/\/firecoxextintores.es\/wp-content\/uploads\/2024\/12\/Detectores-de-humo-Mario-Martinez.jpg","type":"image\/jpeg"}],"twitter_card":"summary_large_image","twitter_misc":{"Estimated reading time":"3 minutes"},"schema":{"@context":"https:\/\/schema.org","@graph":[{"@type":"WebPage","@id":"https:\/\/firecoxextintores.es\/productos\/","url":"https:\/\/firecoxextintores.es\/productos\/","name":"Productos - FIRECOX","isPartOf":{"@id":"https:\/\/firecoxextintores.es\/#website"},"primaryImageOfPage":{"@id":"https:\/\/firecoxextintores.es\/productos\/#primaryimage"},"image":{"@id":"https:\/\/firecoxextintores.es\/productos\/#primaryimage"},"thumbnailUrl":"https:\/\/firecoxextintores.es\/wp-content\/uploads\/2024\/12\/Detectores-de-humo-Mario-Martinez.jpg","datePublished":"2024-10-29T09:14:31+00:00","dateModified":"2024-12-17T17:48:09+00:00","breadcrumb":{"@id":"https:\/\/firecoxextintores.es\/productos\/#breadcrumb"},"inLanguage":"en-GB","potentialAction":[{"@type":"ReadAction","target":["https:\/\/firecoxextintores.es\/productos\/"]}]},{"@type":"ImageObject","inLanguage":"en-GB","@id":"https:\/\/firecoxextintores.es\/productos\/#primaryimage","url":"https:\/\/firecoxextintores.es\/wp-content\/uploads\/2024\/12\/Detectores-de-humo-Mario-Martinez.jpg","contentUrl":"https:\/\/firecoxextintores.es\/wp-content\/uploads\/2024\/12\/Detectores-de-humo-Mario-Martinez.jpg"},{"@type":"BreadcrumbList","@id":"https:\/\/firecoxextintores.es\/productos\/#breadcrumb","itemListElement":[{"@type":"ListItem","position":1,"name":"Portada","item":"https:\/\/firecoxextintores.es\/"},{"@type":"ListItem","position":2,"name":"Productos"}]},{"@type":"WebSite","@id":"https:\/\/firecoxextintores.es\/#website","url":"https:\/\/firecoxextintores.es\/","name":"FIRECOX","description":"Soluciones de seguridad contra incendios","publisher":{"@id":"https:\/\/firecoxextintores.es\/#organization"},"potentialAction":[{"@type":"SearchAction","target":{"@type":"EntryPoint","urlTemplate":"https:\/\/firecoxextintores.es\/?s={search_term_string}"},"query-input":{"@type":"PropertyValueSpecification","valueRequired":true,"valueName":"search_term_string"}}],"inLanguage":"en-GB"},{"@type":"Organization","@id":"https:\/\/firecoxextintores.es\/#organization","name":"FIRECOX","url":"https:\/\/firecoxextintores.es\/","logo":{"@type":"ImageObject","inLanguage":"en-GB","@id":"https:\/\/firecoxextintores.es\/#\/schema\/logo\/image\/","url":"https:\/\/firecoxextintores.es\/wp-content\/uploads\/2024\/12\/cropped-Design-sem-nome.png","contentUrl":"https:\/\/firecoxextintores.es\/wp-content\/uploads\/2024\/12\/cropped-Design-sem-nome.png","width":360,"height":352,"caption":"FIRECOX"},"image":{"@id":"https:\/\/firecoxextintores.es\/#\/schema\/logo\/image\/"}}]}},"_links":{"self":[{"href":"https:\/\/firecoxextintores.es\/en\/wp-json\/wp\/v2\/pages\/16","targetHints":{"allow":["GET"]}}],"collection":[{"href":"https:\/\/firecoxextintores.es\/en\/wp-json\/wp\/v2\/pages"}],"about":[{"href":"https:\/\/firecoxextintores.es\/en\/wp-json\/wp\/v2\/types\/page"}],"author":[{"embeddable":true,"href":"https:\/\/firecoxextintores.es\/en\/wp-json\/wp\/v2\/users\/3"}],"replies":[{"embeddable":true,"href":"https:\/\/firecoxextintores.es\/en\/wp-json\/wp\/v2\/comments?post=16"}],"version-history":[{"count":334,"href":"https:\/\/firecoxextintores.es\/en\/wp-json\/wp\/v2\/pages\/16\/revisions"}],"predecessor-version":[{"id":3297,"href":"https:\/\/firecoxextintores.es\/en\/wp-json\/wp\/v2\/pages\/16\/revisions\/3297"}],"wp:attachment":[{"href":"https:\/\/firecoxextintores.es\/en\/wp-json\/wp\/v2\/media?parent=16"}],"curies":[{"name":"wp","href":"https:\/\/api.w.org\/{rel}","templated":true}]}}